{"id":3190,"date":"2017-07-22T11:51:17","date_gmt":"2017-07-22T11:51:17","guid":{"rendered":"http:\/\/www.alonistria.com\/contact-us\/"},"modified":"2024-05-27T10:24:08","modified_gmt":"2024-05-27T08:24:08","slug":"contact-us","status":"publish","type":"page","link":"https:\/\/www.alonistria.com\/fr\/contact-us\/","title":{"rendered":"Nous Contacter"},"content":{"rendered":"<div class=\"wpb-content-wrapper\">[vc_row thb_full_width=\u00a0\u00bbtrue\u00a0\u00bb thb_row_padding=\u00a0\u00bbtrue\u00a0\u00bb el_id=\u00a0\u00bbCoverDesktop\u00a0\u00bb css=\u00a0\u00bb.vc_custom_1701187920383{background-image: url(http:\/\/www.alonistria.com\/wp-content\/uploads\/2023\/11\/contact-us-IMG_20210915_190836-3.jpg?id=2773) !important;}\u00a0\u00bb el_class=\u00a0\u00bbHideMeOnMobile\u00a0\u00bb][vc_column][vc_custom_heading source=\u00a0\u00bbpost_title\u00a0\u00bb font_container=\u00a0\u00bbtag:h1|text_align:center|color:%23ffffff\u00a0\u00bb use_theme_fonts=\u00a0\u00bbyes\u00a0\u00bb][\/vc_column][\/vc_row][vc_row thb_full_width=\u00a0\u00bbtrue\u00a0\u00bb thb_row_padding=\u00a0\u00bbtrue\u00a0\u00bb el_id=\u00a0\u00bbCoverMobile\u00a0\u00bb css=\u00a0\u00bb.vc_custom_1701355465817{background-image: url(http:\/\/www.alonistria.com\/wp-content\/uploads\/2023\/11\/mobile-contatti-1200-2.jpg?id=2893) !important;}\u00a0\u00bb el_class=\u00a0\u00bbHideMeOnDesktop\u00a0\u00bb][vc_column][vc_custom_heading source=\u00a0\u00bbpost_title\u00a0\u00bb font_container=\u00a0\u00bbtag:h1|text_align:center|color:%23ffffff\u00a0\u00bb use_theme_fonts=\u00a0\u00bbyes\u00a0\u00bb][\/vc_column][\/vc_row][vc_row thb_full_width=\u00a0\u00bbtrue\u00a0\u00bb css=\u00a0\u00bb.vc_custom_1700227614455{padding-top: 10vh !important;padding-bottom: 10vh !important;background-color: #30afbf !important;}\u00a0\u00bb][vc_column thb_color=\u00a0\u00bbthb-light-column\u00a0\u00bb][vc_row_inner][vc_column_inner thb_color=\u00a0\u00bbthb-light-column\u00a0\u00bb width=\u00a0\u00bb5\/6&Prime;][vc_column_text]\n<h2>Envoyez-nous un message ou <em>demandez des informations<\/em> sur votre s\u00e9jour en Alonistria<\/h2>\n[\/vc_column_text][\/vc_column_inner][vc_column_inner width=\u00a0\u00bb1\/6&Prime;][\/vc_column_inner][\/vc_row_inner][\/vc_column][\/vc_row][vc_row content_placement=\u00a0\u00bbtop\u00a0\u00bb css=\u00a0\u00bb.vc_custom_1698347368905{margin-top: 5vh !important;margin-bottom: 5vh !important;}\u00a0\u00bb][vc_column width=\u00a0\u00bb2\/3&Prime;][vc_row_inner thb_max_width=\u00a0\u00bb\u00a0\u00bb thb_column_padding=\u00a0\u00bbtrue\u00a0\u00bb][vc_column_inner width=\u00a0\u00bb1\/2&Prime;][vc_column_text]\n<h3>Contacter Alonistria Houses<\/h3>\n<p><a href=\"https:\/\/maps.app.goo.gl\/Euhjjn9AsyeaQTkQA\" target=\"_blank\" rel=\"noopener\">Lagada 840 08, Amorgos Greece<\/a><br \/>\nMobile:\u00a0<a href=\"tel:+393336061830\">+39 333 606 183<\/a><br \/>\nLigne fixe: <a href=\"tel:+302285073529\">+30 228 507 3529<\/a><br \/>\nCourriel: <a href=\"mailto:info@alonistria.com\">info@alonistria.com<\/a>[\/vc_column_text][vc_empty_space mobile_height=\u00a0\u00bb5vh\u00a0\u00bb height=\u00a0\u00bb5vh\u00a0\u00bb][\/vc_column_inner][vc_column_inner width=\u00a0\u00bb1\/2&Prime;][vc_column_text]\n<h3>R\u00e9servez d\u00e8s maintenant!<\/h3>\n[\/vc_column_text][vc_empty_space mobile_height=\u00a0\u00bb5vh\u00a0\u00bb height=\u00a0\u00bb5vh\u00a0\u00bb][vc_column_text]<img loading=\"lazy\" decoding=\"async\" class=\"alignnone wp-image-1861 size-thumbnail\" src=\"http:\/\/www.alonistria.com\/wp-content\/uploads\/2023\/10\/booking-logo.svg\" alt=\"booking logo\" width=\"150\" height=\"25\" \/><\/p>\n<p><a href=\"https:\/\/www.booking.com\/hotel\/gr\/kiriaki-langada-aegiali.it.html?auth_success=1\" target=\"_blank\" rel=\"noopener\">Trouvez-nous sur Booking.com<\/a>[\/vc_column_text][vc_empty_space mobile_height=\u00a0\u00bb5vh\u00a0\u00bb height=\u00a0\u00bb5vh\u00a0\u00bb][vc_column_text]<img loading=\"lazy\" decoding=\"async\" class=\"alignnone wp-image-1857 size-thumbnail\" src=\"http:\/\/www.alonistria.com\/wp-content\/uploads\/2023\/10\/Airbnb_Logo.svg\" alt=\"Airbnb Logo\" width=\"150\" height=\"46\" \/><\/p>\n<p><a href=\"https:\/\/www.airbnb.it\/rooms\/48311600?adults=2&amp;children=0&amp;enable_m3_private_room=true&amp;infants=0&amp;pets=0&amp;check_in=2024-04-01&amp;check_out=2024-04-06&amp;source_impression_id=p3_1698577996_a4YCvBuB3jcKAnYV&amp;previous_page_section_name=1000&amp;federated_search_id=1ea6f6f8-98a1-4dee-86de-cc812a6bd607\" target=\"_blank\" rel=\"noopener\">Trouvez Kiriaki sur Airbnb<\/a><br \/>\n<a href=\"https:\/\/www.airbnb.it\/rooms\/19218709?adults=2&amp;children=0&amp;enable_m3_private_room=true&amp;infants=0&amp;pets=0&amp;check_in=2024-04-01&amp;check_out=2024-04-06&amp;source_impression_id=p3_1698578055_VLDFOoKrK011oOAw&amp;previous_page_section_name=1000&amp;federated_search_id=2ad27d4c-4660-4bbe-9958-f22b22f624f3\" target=\"_blank\" rel=\"noopener\">Trouver Spyridon sur Airbnb<\/a><br \/>\n<a href=\"https:\/\/www.airbnb.it\/rooms\/19341282?adults=2&amp;children=0&amp;enable_m3_private_room=true&amp;infants=0&amp;pets=0&amp;check_in=2024-04-01&amp;check_out=2024-04-06&amp;source_impression_id=p3_1698578055_BLnQSjibeQwGDyQV&amp;previous_page_section_name=1000&amp;federated_search_id=2ad27d4c-4660-4bbe-9958-f22b22f624f3\" target=\"_blank\" rel=\"noopener\">Trouvez To Aloni sur Airbnb<\/a>[\/vc_column_text][\/vc_column_inner][\/vc_row_inner][vc_empty_space mobile_height=\u00a0\u00bb5vh\u00a0\u00bb height=\u00a0\u00bb5vh\u00a0\u00bb][vc_column_text]\n<h3>Informations Utiles<\/h3>\n<ul>\n<li><strong>Taxi<\/strong>: pour vos transferts depuis\/vers le port, nous vous invitons \u00e0 r\u00e9server un taxi depuis Aegiali au <a href=\"tel:+306936671030\">+30 693 667 1030<\/a><\/li>\n<li><strong>Bus<\/strong>: pour obtenir toutes les informations sur les bus locaux, veuillez consulter le site web de la <a href=\"https:\/\/amorgosbuscompany.com\/\" target=\"_blank\" rel=\"noopener\">Compagnie de Bus d&rsquo;Amorgos<\/a><\/li>\n<li><strong>Ferries<\/strong>: r\u00e9servez vos billets et obtenez toutes les informations n\u00e9cessaires en appelant: <a href=\"tel:+302104133417\">+30 210 413 3417<\/a><br \/>\n(ouvert matin et soir)<\/li>\n<\/ul>\n<h3>Informations importantes<\/h3>\n<p>Les personnes ayant des probl\u00e8mes de marche doivent tenir compte de la pr\u00e9sence d&rsquo;escaliers avant de r\u00e9server.[\/vc_column_text][vc_empty_space mobile_height=\u00a0\u00bb5vh\u00a0\u00bb height=\u00a0\u00bb5vh\u00a0\u00bb][\/vc_column][vc_column width=\u00a0\u00bb1\/3&Prime;][vc_row_inner][vc_column_inner offset=\u00a0\u00bbvc_hidden-lg vc_hidden-md\u00a0\u00bb][vc_column_text css=\u00a0\u00bb.vc_custom_1701684709666{margin-bottom: 5vh !important;}\u00a0\u00bb]\n<h2>Demande d&rsquo;information<\/h2>\n[\/vc_column_text][\/vc_column_inner][\/vc_row_inner][vc_row_inner css=\u00a0\u00bb.vc_custom_1698346413518{padding-top: 5vh !important;padding-bottom: 5vh !important;background-color: #eff5fd !important;}\u00a0\u00bb][vc_column_inner]\n<div class=\"wpcf7 no-js\" id=\"wpcf7-f3231-o1\" lang=\"it-IT\" dir=\"ltr\" data-wpcf7-id=\"3231\">\n<div class=\"screen-reader-response\"><p role=\"status\" aria-live=\"polite\" aria-atomic=\"true\"><\/p> <ul><\/ul><\/div>\n<form action=\"\/fr\/wp-json\/wp\/v2\/pages\/3190#wpcf7-f3231-o1\" method=\"post\" class=\"wpcf7-form init\" aria-label=\"Modulo di contatto\" novalidate=\"novalidate\" data-status=\"init\">\n<fieldset class=\"hidden-fields-container\"><input type=\"hidden\" name=\"_wpcf7\" value=\"3231\" \/><input type=\"hidden\" name=\"_wpcf7_version\" value=\"6.1.5\" \/><input type=\"hidden\" name=\"_wpcf7_locale\" value=\"it_IT\" \/><input type=\"hidden\" name=\"_wpcf7_unit_tag\" value=\"wpcf7-f3231-o1\" \/><input type=\"hidden\" name=\"_wpcf7_container_post\" value=\"0\" \/><input type=\"hidden\" name=\"_wpcf7_posted_data_hash\" value=\"\" \/><input type=\"hidden\" name=\"_wpcf7_recaptcha_response\" value=\"\" \/>\n<\/fieldset>\n<div class=\"row\">\n\t<div class=\"small-12 large-6 columns\">\n\t\t<p>Nom*<br \/>\n<span class=\"wpcf7-form-control-wrap\" data-name=\"nome\"><input size=\"40\" maxlength=\"400\" class=\"wpcf7-form-control wpcf7-text wpcf7-validates-as-required\" aria-required=\"true\" aria-invalid=\"false\" value=\"\" type=\"text\" name=\"nome\" \/><\/span>\n\t\t<\/p>\n\t<\/div>\n\t<div class=\"small-12 large-6 columns\">\n\t\t<p>Courriel*<br \/>\n<span class=\"wpcf7-form-control-wrap\" data-name=\"email\"><input size=\"40\" maxlength=\"400\" class=\"wpcf7-form-control wpcf7-email wpcf7-validates-as-required wpcf7-text wpcf7-validates-as-email\" aria-required=\"true\" aria-invalid=\"false\" value=\"\" type=\"email\" name=\"email\" \/><\/span>\n\t\t<\/p>\n\t<\/div>\n\t<div class=\"small-12 large-6 columns\">\n\t\t<p>Date d'arriv\u00e9e*<br \/>\n<span class=\"wpcf7-form-control-wrap\" data-name=\"checkin\"><input class=\"wpcf7-form-control wpcf7-date wpcf7-validates-as-required wpcf7-validates-as-date\" aria-required=\"true\" aria-invalid=\"false\" value=\"\" type=\"date\" name=\"checkin\" \/><\/span>\n\t\t<\/p>\n\t<\/div>\n\t<div class=\"small-12 large-6 columns\">\n\t\t<p>Date de d\u00e9part*<br \/>\n<span class=\"wpcf7-form-control-wrap\" data-name=\"checkout\"><input class=\"wpcf7-form-control wpcf7-date wpcf7-validates-as-required wpcf7-validates-as-date\" aria-required=\"true\" aria-invalid=\"false\" value=\"\" type=\"date\" name=\"checkout\" \/><\/span>\n\t\t<\/p>\n\t<\/div>\n\t<div class=\"small-12 large-4 columns\">\n\t\t<p>Adultes*<br \/>\n<span class=\"wpcf7-form-control-wrap\" data-name=\"adulti\"><input class=\"wpcf7-form-control wpcf7-number wpcf7-validates-as-required wpcf7-validates-as-number\" max=\"6\" aria-required=\"true\" aria-invalid=\"false\" value=\"\" type=\"number\" name=\"adulti\" \/><\/span>\n\t\t<\/p>\n\t<\/div>\n\t<div class=\"small-12 large-4 columns\">\n\t\t<p>Enfants<br \/>\n<span class=\"wpcf7-form-control-wrap\" data-name=\"bambini\"><input class=\"wpcf7-form-control wpcf7-number wpcf7-validates-as-number\" aria-invalid=\"false\" value=\"\" type=\"number\" name=\"bambini\" \/><\/span>\n\t\t<\/p>\n\t<\/div>\n\t<div class=\"small-12 large-4 columns\">\n\t\t<p>Animaux<br \/>\n<span class=\"wpcf7-form-control-wrap\" data-name=\"animali\"><input class=\"wpcf7-form-control wpcf7-number wpcf7-validates-as-number\" aria-invalid=\"false\" value=\"\" type=\"number\" name=\"animali\" \/><\/span>\n\t\t<\/p>\n\t<\/div>\n\t<div class=\"small-12 columns\">\n\t\t<p>Votre requ\u00eate<br \/>\n<span class=\"wpcf7-form-control-wrap\" data-name=\"message\"><textarea cols=\"40\" rows=\"10\" maxlength=\"2000\" class=\"wpcf7-form-control wpcf7-textarea\" aria-invalid=\"false\" name=\"message\"><\/textarea><\/span><br \/>\n<small><span class=\"wpcf7-form-control-wrap\" data-name=\"consenso\"><span class=\"wpcf7-form-control wpcf7-acceptance\"><span class=\"wpcf7-list-item\"><label><input type=\"checkbox\" name=\"consenso\" value=\"1\" aria-invalid=\"false\" \/><span class=\"wpcf7-list-item-label\">J'accepte le traitement de mes donn\u00e9es personnelles conform\u00e9ment \u00e0 la <a href=\"\/privacy-policy\/\" target=\"_blank\"><strong><u>privacy policy<\/u><\/strong><\/a><\/span><\/label><\/span><\/span><\/span><\/small><br \/>\n<input class=\"wpcf7-form-control wpcf7-submit has-spinner\" type=\"submit\" value=\"ENVOYER\" \/>\n\t\t<\/p>\n\t<\/div>\n<\/div><p style=\"display: none !important;\" class=\"akismet-fields-container\" data-prefix=\"_wpcf7_ak_\"><label>&#916;<textarea name=\"_wpcf7_ak_hp_textarea\" cols=\"45\" rows=\"8\" maxlength=\"100\"><\/textarea><\/label><input type=\"hidden\" id=\"ak_js_1\" name=\"_wpcf7_ak_js\" value=\"141\"\/><script>document.getElementById( \"ak_js_1\" ).setAttribute( \"value\", ( new Date() ).getTime() );<\/script><\/p><div class=\"wpcf7-response-output\" aria-hidden=\"true\"><\/div>\n<\/form>\n<\/div>\n[\/vc_column_inner][\/vc_row_inner][\/vc_column][\/vc_row][vc_row thb_full_width=\u00a0\u00bbtrue\u00a0\u00bb thb_row_padding=\u00a0\u00bbtrue\u00a0\u00bb thb_column_padding=\u00a0\u00bbtrue\u00a0\u00bb][vc_column][vc_gmaps link=\u00a0\u00bb#E-8_JTNDaWZyYW1lJTIwc3JjJTNEJTIyaHR0cHMlM0ElMkYlMkZ3d3cuZ29vZ2xlLmNvbSUyRm1hcHMlMkZlbWJlZCUzRnBiJTNEJTIxMW0xNCUyMTFtOCUyMTFtMyUyMTFkMjU1MjMuMTQ4Mjk1NDA0OTYlMjEyZDI1Ljk5MDEzNTUlMjEzZDM2LjkwNDg1NDElMjEzbTIlMjExaTEwMjQlMjEyaTc2OCUyMTRmMTMuMSUyMTNtMyUyMTFtMiUyMTFzMHgxNDk3ZTdkZTcxNTQzMDhiJTI1M0EweDY3MTRlMGI1ZjgwYTQ2Y2ElMjEyc0Fsb25pc3RyaWElMjUyMEhvdXNlcyUyMTVlMCUyMTNtMiUyMTFzaXQlMjEyc2l0JTIxNHYxNjk4NTc3NDE1MjE1JTIxNW0yJTIxMXNpdCUyMTJzaXQlMjIlMjB3aWR0aCUzRCUyMjEwMCUyNSUyMiUyMGhlaWdodCUzRCUyMjQ1MCUyMiUyMHN0eWxlJTNEJTIyYm9yZGVyJTNBMCUzQiUyMiUyMGFsbG93ZnVsbHNjcmVlbiUzRCUyMiUyMiUyMGxvYWRpbmclM0QlMjJsYXp5JTIyJTIwcmVmZXJyZXJwb2xpY3klM0QlMjJuby1yZWZlcnJlci13aGVuLWRvd25ncmFkZSUyMiUzRSUzQyUyRmlmcmFtZSUzRQ==\u00a0\u00bb][\/vc_column][\/vc_row]\n<\/div>","protected":false},"excerpt":{"rendered":"<p>[vc_row thb_full_width=\u00a0\u00bbtrue\u00a0\u00bb thb_row_padding=\u00a0\u00bbtrue\u00a0\u00bb el_id=\u00a0\u00bbCoverDesktop\u00a0\u00bb css=\u00a0\u00bb.vc_custom_1701187920383{background-image: url(http:\/\/www.alonistria.com\/wp-content\/uploads\/2023\/11\/contact-us-IMG_20210915_190836-3.jpg?id=2773) !important;}\u00a0\u00bb el_class=\u00a0\u00bbHideMeOnMobile\u00a0\u00bb][vc_column][vc_custom_heading source=\u00a0\u00bbpost_title\u00a0\u00bb font_container=\u00a0\u00bbtag:h1|text_align:center|color:%23ffffff\u00a0\u00bb use_theme_fonts=\u00a0\u00bbyes\u00a0\u00bb][\/vc_column][\/vc_row][vc_row thb_full_width=\u00a0\u00bbtrue\u00a0\u00bb thb_row_padding=\u00a0\u00bbtrue\u00a0\u00bb el_id=\u00a0\u00bbCoverMobile\u00a0\u00bb css=\u00a0\u00bb.vc_custom_1701355465817{background-image: url(http:\/\/www.alonistria.com\/wp-content\/uploads\/2023\/11\/mobile-contatti-1200-2.jpg?id=2893) !important;}\u00a0\u00bb el_class=\u00a0\u00bbHideMeOnDesktop\u00a0\u00bb][vc_column][vc_custom_heading source=\u00a0\u00bbpost_title\u00a0\u00bb font_container=\u00a0\u00bbtag:h1|text_align:center|color:%23ffffff\u00a0\u00bb use_theme_fonts=\u00a0\u00bbyes\u00a0\u00bb][\/vc_column][\/vc_row][vc_row thb_full_width=\u00a0\u00bbtrue\u00a0\u00bb css=\u00a0\u00bb.vc_custom_1700227614455{padding-top: 10vh !important;padding-bottom: 10vh !important;background-color: #30afbf !important;}\u00a0\u00bb][vc_column thb_color=\u00a0\u00bbthb-light-column\u00a0\u00bb][vc_row_inner][vc_column_inner thb_color=\u00a0\u00bbthb-light-column\u00a0\u00bb width=\u00a0\u00bb5\/6&Prime;][vc_column_text] Envoyez-nous un message ou demandez des informations sur votre s\u00e9jour en Alonistria [\/vc_column_text][\/vc_column_inner][vc_column_inner width=\u00a0\u00bb1\/6&Prime;][\/vc_column_inner][\/vc_row_inner][\/vc_column][\/vc_row][vc_row content_placement=\u00a0\u00bbtop\u00a0\u00bb css=\u00a0\u00bb.vc_custom_1698347368905{margin-top: 5vh !important;margin-bottom: 5vh !important;}\u00a0\u00bb][vc_column width=\u00a0\u00bb2\/3&Prime;][vc_row_inner thb_max_width=\u00a0\u00bb\u00a0\u00bb thb_column_padding=\u00a0\u00bbtrue\u00a0\u00bb][vc_column_inner&hellip;<\/p>\n","protected":false},"author":2,"featured_media":2774,"parent":0,"menu_order":8,"comment_status":"closed","ping_status":"closed","template":"","meta":{"inline_featured_image":false,"footnotes":""},"class_list":["post-3190","page","type-page","status-publish","has-post-thumbnail","hentry"],"yoast_head":"<!-- This site is optimized with the Yoast SEO plugin v27.4 - https:\/\/yoast.com\/product\/yoast-seo-wordpress\/ -->\n<title>Nous Contacter - Alonistria Amorgos - Houses to rent<\/title>\n<meta name=\"description\" content=\"Envoyez-nous un message ou demandez des informations pour votre prochain s\u00e9jour \u00e0 Alonistria Houses sur l&#039;\u00eele d&#039;Amorgos.\" \/>\n<meta name=\"robots\" content=\"index, follow, max-snippet:-1, max-image-preview:large, max-video-preview:-1\" \/>\n<link rel=\"canonical\" href=\"https:\/\/www.alonistria.com\/fr\/contact-us\/\" \/>\n<meta property=\"og:locale\" content=\"fr_FR\" \/>\n<meta property=\"og:type\" content=\"article\" \/>\n<meta property=\"og:title\" content=\"Nous Contacter - Alonistria Amorgos - Houses to rent\" \/>\n<meta property=\"og:description\" content=\"Envoyez-nous un message ou demandez des informations pour votre prochain s\u00e9jour \u00e0 Alonistria Houses sur l&#039;\u00eele d&#039;Amorgos.\" \/>\n<meta property=\"og:url\" content=\"https:\/\/www.alonistria.com\/fr\/contact-us\/\" \/>\n<meta property=\"og:site_name\" content=\"Alonistria Amorgos - Houses to rent\" \/>\n<meta property=\"article:publisher\" content=\"https:\/\/www.facebook.com\/Alonistria-amorgos-101485191804298\" \/>\n<meta property=\"article:modified_time\" content=\"2024-05-27T08:24:08+00:00\" \/>\n<meta property=\"og:image\" content=\"https:\/\/www.alonistria.com\/wp-content\/uploads\/2023\/11\/contact-us-IMG_20210915_190836-3.jpg\" \/>\n\t<meta property=\"og:image:width\" content=\"2130\" \/>\n\t<meta property=\"og:image:height\" content=\"1280\" \/>\n\t<meta property=\"og:image:type\" content=\"image\/jpeg\" \/>\n<meta name=\"twitter:card\" content=\"summary_large_image\" \/>\n<meta name=\"twitter:label1\" content=\"Dur\u00e9e de lecture estim\u00e9e\" \/>\n\t<meta name=\"twitter:data1\" content=\"2 minutes\" \/>\n<script type=\"application\/ld+json\" class=\"yoast-schema-graph\">{\"@context\":\"https:\\\/\\\/schema.org\",\"@graph\":[{\"@type\":\"WebPage\",\"@id\":\"https:\\\/\\\/www.alonistria.com\\\/fr\\\/contact-us\\\/\",\"url\":\"https:\\\/\\\/www.alonistria.com\\\/fr\\\/contact-us\\\/\",\"name\":\"Nous Contacter - Alonistria Amorgos - Houses to rent\",\"isPartOf\":{\"@id\":\"https:\\\/\\\/www.alonistria.com\\\/fr\\\/#website\"},\"primaryImageOfPage\":{\"@id\":\"https:\\\/\\\/www.alonistria.com\\\/fr\\\/contact-us\\\/#primaryimage\"},\"image\":{\"@id\":\"https:\\\/\\\/www.alonistria.com\\\/fr\\\/contact-us\\\/#primaryimage\"},\"thumbnailUrl\":\"https:\\\/\\\/www.alonistria.com\\\/wp-content\\\/uploads\\\/2023\\\/11\\\/contact-us-IMG_20210915_190836-3.jpg\",\"datePublished\":\"2017-07-22T11:51:17+00:00\",\"dateModified\":\"2024-05-27T08:24:08+00:00\",\"description\":\"Envoyez-nous un message ou demandez des informations pour votre prochain s\u00e9jour \u00e0 Alonistria Houses sur l'\u00eele d'Amorgos.\",\"breadcrumb\":{\"@id\":\"https:\\\/\\\/www.alonistria.com\\\/fr\\\/contact-us\\\/#breadcrumb\"},\"inLanguage\":\"fr-FR\",\"potentialAction\":[{\"@type\":\"ReadAction\",\"target\":[\"https:\\\/\\\/www.alonistria.com\\\/fr\\\/contact-us\\\/\"]}]},{\"@type\":\"ImageObject\",\"inLanguage\":\"fr-FR\",\"@id\":\"https:\\\/\\\/www.alonistria.com\\\/fr\\\/contact-us\\\/#primaryimage\",\"url\":\"https:\\\/\\\/www.alonistria.com\\\/wp-content\\\/uploads\\\/2023\\\/11\\\/contact-us-IMG_20210915_190836-3.jpg\",\"contentUrl\":\"https:\\\/\\\/www.alonistria.com\\\/wp-content\\\/uploads\\\/2023\\\/11\\\/contact-us-IMG_20210915_190836-3.jpg\",\"width\":2130,\"height\":1280,\"caption\":\"CONTACT US to rent your house in Amorgos\"},{\"@type\":\"BreadcrumbList\",\"@id\":\"https:\\\/\\\/www.alonistria.com\\\/fr\\\/contact-us\\\/#breadcrumb\",\"itemListElement\":[{\"@type\":\"ListItem\",\"position\":1,\"name\":\"Home\",\"item\":\"https:\\\/\\\/www.alonistria.com\\\/fr\\\/\"},{\"@type\":\"ListItem\",\"position\":2,\"name\":\"Nous Contacter\"}]},{\"@type\":\"WebSite\",\"@id\":\"https:\\\/\\\/www.alonistria.com\\\/fr\\\/#website\",\"url\":\"https:\\\/\\\/www.alonistria.com\\\/fr\\\/\",\"name\":\"Alonistria Amorgos - Houses to rent\",\"description\":\"Rent a house on Amorgos\",\"publisher\":{\"@id\":\"https:\\\/\\\/www.alonistria.com\\\/fr\\\/#organization\"},\"potentialAction\":[{\"@type\":\"SearchAction\",\"target\":{\"@type\":\"EntryPoint\",\"urlTemplate\":\"https:\\\/\\\/www.alonistria.com\\\/fr\\\/?s={search_term_string}\"},\"query-input\":{\"@type\":\"PropertyValueSpecification\",\"valueRequired\":true,\"valueName\":\"search_term_string\"}}],\"inLanguage\":\"fr-FR\"},{\"@type\":\"Organization\",\"@id\":\"https:\\\/\\\/www.alonistria.com\\\/fr\\\/#organization\",\"name\":\"Alonistria Amorgos - Houses to rent\",\"url\":\"https:\\\/\\\/www.alonistria.com\\\/fr\\\/\",\"logo\":{\"@type\":\"ImageObject\",\"inLanguage\":\"fr-FR\",\"@id\":\"https:\\\/\\\/www.alonistria.com\\\/fr\\\/#\\\/schema\\\/logo\\\/image\\\/\",\"url\":\"https:\\\/\\\/www.alonistria.com\\\/wp-content\\\/uploads\\\/2023\\\/11\\\/logo-web-blu-centrato.svg\",\"contentUrl\":\"https:\\\/\\\/www.alonistria.com\\\/wp-content\\\/uploads\\\/2023\\\/11\\\/logo-web-blu-centrato.svg\",\"width\":450,\"height\":252,\"caption\":\"Alonistria Amorgos - Houses to rent\"},\"image\":{\"@id\":\"https:\\\/\\\/www.alonistria.com\\\/fr\\\/#\\\/schema\\\/logo\\\/image\\\/\"},\"sameAs\":[\"https:\\\/\\\/www.facebook.com\\\/Alonistria-amorgos-101485191804298\",\"https:\\\/\\\/www.instagram.com\\\/alonistria_amorgos\\\/\"]}]}<\/script>\n<!-- \/ Yoast SEO plugin. -->","yoast_head_json":{"title":"Nous Contacter - Alonistria Amorgos - Houses to rent","description":"Envoyez-nous un message ou demandez des informations pour votre prochain s\u00e9jour \u00e0 Alonistria Houses sur l'\u00eele d'Amorgos.","robots":{"index":"index","follow":"follow","max-snippet":"max-snippet:-1","max-image-preview":"max-image-preview:large","max-video-preview":"max-video-preview:-1"},"canonical":"https:\/\/www.alonistria.com\/fr\/contact-us\/","og_locale":"fr_FR","og_type":"article","og_title":"Nous Contacter - Alonistria Amorgos - Houses to rent","og_description":"Envoyez-nous un message ou demandez des informations pour votre prochain s\u00e9jour \u00e0 Alonistria Houses sur l'\u00eele d'Amorgos.","og_url":"https:\/\/www.alonistria.com\/fr\/contact-us\/","og_site_name":"Alonistria Amorgos - Houses to rent","article_publisher":"https:\/\/www.facebook.com\/Alonistria-amorgos-101485191804298","article_modified_time":"2024-05-27T08:24:08+00:00","og_image":[{"width":2130,"height":1280,"url":"https:\/\/www.alonistria.com\/wp-content\/uploads\/2023\/11\/contact-us-IMG_20210915_190836-3.jpg","type":"image\/jpeg"}],"twitter_card":"summary_large_image","twitter_misc":{"Dur\u00e9e de lecture estim\u00e9e":"2 minutes"},"schema":{"@context":"https:\/\/schema.org","@graph":[{"@type":"WebPage","@id":"https:\/\/www.alonistria.com\/fr\/contact-us\/","url":"https:\/\/www.alonistria.com\/fr\/contact-us\/","name":"Nous Contacter - Alonistria Amorgos - Houses to rent","isPartOf":{"@id":"https:\/\/www.alonistria.com\/fr\/#website"},"primaryImageOfPage":{"@id":"https:\/\/www.alonistria.com\/fr\/contact-us\/#primaryimage"},"image":{"@id":"https:\/\/www.alonistria.com\/fr\/contact-us\/#primaryimage"},"thumbnailUrl":"https:\/\/www.alonistria.com\/wp-content\/uploads\/2023\/11\/contact-us-IMG_20210915_190836-3.jpg","datePublished":"2017-07-22T11:51:17+00:00","dateModified":"2024-05-27T08:24:08+00:00","description":"Envoyez-nous un message ou demandez des informations pour votre prochain s\u00e9jour \u00e0 Alonistria Houses sur l'\u00eele d'Amorgos.","breadcrumb":{"@id":"https:\/\/www.alonistria.com\/fr\/contact-us\/#breadcrumb"},"inLanguage":"fr-FR","potentialAction":[{"@type":"ReadAction","target":["https:\/\/www.alonistria.com\/fr\/contact-us\/"]}]},{"@type":"ImageObject","inLanguage":"fr-FR","@id":"https:\/\/www.alonistria.com\/fr\/contact-us\/#primaryimage","url":"https:\/\/www.alonistria.com\/wp-content\/uploads\/2023\/11\/contact-us-IMG_20210915_190836-3.jpg","contentUrl":"https:\/\/www.alonistria.com\/wp-content\/uploads\/2023\/11\/contact-us-IMG_20210915_190836-3.jpg","width":2130,"height":1280,"caption":"CONTACT US to rent your house in Amorgos"},{"@type":"BreadcrumbList","@id":"https:\/\/www.alonistria.com\/fr\/contact-us\/#breadcrumb","itemListElement":[{"@type":"ListItem","position":1,"name":"Home","item":"https:\/\/www.alonistria.com\/fr\/"},{"@type":"ListItem","position":2,"name":"Nous Contacter"}]},{"@type":"WebSite","@id":"https:\/\/www.alonistria.com\/fr\/#website","url":"https:\/\/www.alonistria.com\/fr\/","name":"Alonistria Amorgos - Houses to rent","description":"Rent a house on Amorgos","publisher":{"@id":"https:\/\/www.alonistria.com\/fr\/#organization"},"potentialAction":[{"@type":"SearchAction","target":{"@type":"EntryPoint","urlTemplate":"https:\/\/www.alonistria.com\/fr\/?s={search_term_string}"},"query-input":{"@type":"PropertyValueSpecification","valueRequired":true,"valueName":"search_term_string"}}],"inLanguage":"fr-FR"},{"@type":"Organization","@id":"https:\/\/www.alonistria.com\/fr\/#organization","name":"Alonistria Amorgos - Houses to rent","url":"https:\/\/www.alonistria.com\/fr\/","logo":{"@type":"ImageObject","inLanguage":"fr-FR","@id":"https:\/\/www.alonistria.com\/fr\/#\/schema\/logo\/image\/","url":"https:\/\/www.alonistria.com\/wp-content\/uploads\/2023\/11\/logo-web-blu-centrato.svg","contentUrl":"https:\/\/www.alonistria.com\/wp-content\/uploads\/2023\/11\/logo-web-blu-centrato.svg","width":450,"height":252,"caption":"Alonistria Amorgos - Houses to rent"},"image":{"@id":"https:\/\/www.alonistria.com\/fr\/#\/schema\/logo\/image\/"},"sameAs":["https:\/\/www.facebook.com\/Alonistria-amorgos-101485191804298","https:\/\/www.instagram.com\/alonistria_amorgos\/"]}]}},"_links":{"self":[{"href":"https:\/\/www.alonistria.com\/fr\/wp-json\/wp\/v2\/pages\/3190","targetHints":{"allow":["GET"]}}],"collection":[{"href":"https:\/\/www.alonistria.com\/fr\/wp-json\/wp\/v2\/pages"}],"about":[{"href":"https:\/\/www.alonistria.com\/fr\/wp-json\/wp\/v2\/types\/page"}],"author":[{"embeddable":true,"href":"https:\/\/www.alonistria.com\/fr\/wp-json\/wp\/v2\/users\/2"}],"replies":[{"embeddable":true,"href":"https:\/\/www.alonistria.com\/fr\/wp-json\/wp\/v2\/comments?post=3190"}],"version-history":[{"count":10,"href":"https:\/\/www.alonistria.com\/fr\/wp-json\/wp\/v2\/pages\/3190\/revisions"}],"predecessor-version":[{"id":3461,"href":"https:\/\/www.alonistria.com\/fr\/wp-json\/wp\/v2\/pages\/3190\/revisions\/3461"}],"wp:featuredmedia":[{"embeddable":true,"href":"https:\/\/www.alonistria.com\/fr\/wp-json\/wp\/v2\/media\/2774"}],"wp:attachment":[{"href":"https:\/\/www.alonistria.com\/fr\/wp-json\/wp\/v2\/media?parent=3190"}],"curies":[{"name":"wp","href":"https:\/\/api.w.org\/{rel}","templated":true}]}}