{"id":3172,"date":"2023-10-28T17:33:00","date_gmt":"2023-10-28T17:33:00","guid":{"rendered":"http:\/\/www.alonistria.com\/our-houses\/"},"modified":"2023-12-10T14:18:07","modified_gmt":"2023-12-10T13:18:07","slug":"our-houses","status":"publish","type":"page","link":"https:\/\/www.alonistria.com\/fr\/our-houses\/","title":{"rendered":"Nos Maisons"},"content":{"rendered":"<div class=\"wpb-content-wrapper\">[vc_row thb_full_width=\u00a0\u00bbtrue\u00a0\u00bb thb_row_padding=\u00a0\u00bbtrue\u00a0\u00bb el_id=\u00a0\u00bbCoverDesktop\u00a0\u00bb css=\u00a0\u00bb.vc_custom_1700906105693{background-image: url(http:\/\/www.alonistria.com\/wp-content\/uploads\/2023\/11\/our-houses-NSC_9907N.jpg?id=2722) !important;}\u00a0\u00bb][vc_column][vc_custom_heading source=\u00a0\u00bbpost_title\u00a0\u00bb font_container=\u00a0\u00bbtag:h1|text_align:center|color:%23ffffff\u00a0\u00bb use_theme_fonts=\u00a0\u00bbyes\u00a0\u00bb][\/vc_column][\/vc_row][vc_row thb_full_width=\u00a0\u00bbtrue\u00a0\u00bb thb_row_padding=\u00a0\u00bbtrue\u00a0\u00bb content_placement=\u00a0\u00bbtop\u00a0\u00bb css=\u00a0\u00bb.vc_custom_1698528986515{margin-top: 0px !important;padding-top: 10vh !important;padding-bottom: 10vh !important;background-color: #30afbf !important;}\u00a0\u00bb][vc_column thb_color=\u00a0\u00bbthb-light-column\u00a0\u00bb width=\u00a0\u00bb1\/2&Prime;][vc_row_inner css=\u00a0\u00bb.vc_custom_1698312475597{margin-top: 0px !important;margin-bottom: 0px !important;padding-top: 0px !important;padding-bottom: 0px !important;}\u00a0\u00bb][vc_column_inner][vc_column_text]\n<h2>Les maisons de location d\u2019Alonistria sont n\u00e9es de<em> notre amour<\/em> pour Amorgos<\/h2>\n[\/vc_column_text][vc_empty_space mobile_height=\u00a0\u00bb10vh\u00a0\u00bb height=\u00a0\u00bb0px\u00a0\u00bb][\/vc_column_inner][\/vc_row_inner][\/vc_column][vc_column width=\u00a0\u00bb1\/2&Prime;][vc_row_inner css=\u00a0\u00bb.vc_custom_1698312475597{margin-top: 0px !important;margin-bottom: 0px !important;padding-top: 0px !important;padding-bottom: 0px !important;}\u00a0\u00bb][vc_column_inner thb_color=\u00a0\u00bbthb-light-column\u00a0\u00bb][vc_column_text]\n<h3>Couleurs naturelles, tapis traditionnels tiss\u00e9s sur m\u00e9tiers, pierre de taille, bois odorant\u2026<br \/>\nUne utilisation de l\u2019<em>artisanat traditionnel<\/em> et de l\u2019<em>architecture locale<\/em> en immersion dans la nature pour d\u00e9couvrir et appr\u00e9cier Amorgos diff\u00e9remment.<\/h3>\n[\/vc_column_text][\/vc_column_inner][\/vc_row_inner][\/vc_column][\/vc_row][vc_row thb_full_width=\u00a0\u00bbtrue\u00a0\u00bb content_placement=\u00a0\u00bbtop\u00a0\u00bb parallax=\u00a0\u00bbcontent-moving\u00a0\u00bb css=\u00a0\u00bb.vc_custom_1701186342540{padding-top: 10vh !important;}\u00a0\u00bb][vc_column width=\u00a0\u00bb1\/2&Prime;][vc_single_image image=\u00a0\u00bb2727&Prime; img_size=\u00a0\u00bbfull\u00a0\u00bb alignment=\u00a0\u00bbcenter\u00a0\u00bb css_animation=\u00a0\u00bbfadeInUp\u00a0\u00bb][vc_empty_space height=\u00a0\u00bb10vh\u00a0\u00bb][\/vc_column][vc_column width=\u00a0\u00bb1\/2&Prime; animation=\u00a0\u00bbanimation bottom-to-top\u00a0\u00bb][vc_row_inner css=\u00a0\u00bb.vc_custom_1698318138590{margin-top: 0px !important;margin-bottom: 0px !important;padding-top: 0px !important;padding-bottom: 0px !important;}\u00a0\u00bb][vc_column_inner][vc_column_text]\n<h3>D\u00e8s le d\u00e9but, notre souhait a \u00e9t\u00e9 de respecter et perp\u00e9tuer les techniques de construction locales ainsi que de conserver l\u2019esprit du mobilier traditionnel. Chacune des maisons a \u00e9t\u00e9 con\u00e7ue en s\u2019inspirant des \u00e9l\u00e9ments, des formes et des volumes de <em>l\u2019architecture cycladique traditionnelle<\/em>.<\/h3>\n[\/vc_column_text][\/vc_column_inner][\/vc_row_inner][vc_empty_space mobile_height=\u00a0\u00bb0&Prime; height=\u00a0\u00bb10vh\u00a0\u00bb][\/vc_column][\/vc_row][vc_row thb_full_width=\u00a0\u00bbtrue\u00a0\u00bb content_placement=\u00a0\u00bbtop\u00a0\u00bb parallax=\u00a0\u00bbcontent-moving\u00a0\u00bb css=\u00a0\u00bb.vc_custom_1701188286927{margin-top: 0px !important;padding-top: 0px !important;padding-bottom: 10vh !important;}\u00a0\u00bb][vc_column width=\u00a0\u00bb1\/2&Prime;][vc_row_inner css=\u00a0\u00bb.vc_custom_1698318138590{margin-top: 0px !important;margin-bottom: 0px !important;padding-top: 0px !important;padding-bottom: 0px !important;}\u00a0\u00bb][vc_column_inner][vc_column_text]\n<h3>Pour la d\u00e9coration int\u00e9rieure notre choix s\u2019est principalement port\u00e9 sur l\u2019utilisation d\u2019<em>objets artisanaux<\/em> et de mat\u00e9riaux locaux. Notre intention \u00e9tant toujours d\u2019\u00e9viter autant que possible l\u2019utilisation d\u2019objets contemporains.<\/h3>\n[\/vc_column_text][\/vc_column_inner][\/vc_row_inner][vc_empty_space height=\u00a0\u00bb5vh\u00a0\u00bb][\/vc_column][vc_column width=\u00a0\u00bb1\/2&Prime; animation=\u00a0\u00bbanimation bottom-to-top\u00a0\u00bb][vc_single_image image=\u00a0\u00bb1661&Prime; img_size=\u00a0\u00bbfull\u00a0\u00bb alignment=\u00a0\u00bbcenter\u00a0\u00bb css_animation=\u00a0\u00bbfadeInUp\u00a0\u00bb][\/vc_column][\/vc_row][vc_row thb_full_width=\u00a0\u00bbtrue\u00a0\u00bb thb_row_padding=\u00a0\u00bbtrue\u00a0\u00bb content_placement=\u00a0\u00bbtop\u00a0\u00bb css=\u00a0\u00bb.vc_custom_1698947533263{margin-top: 0px !important;padding-top: 10vh !important;padding-bottom: 10vh !important;background-color: #fffff7 !important;}\u00a0\u00bb][vc_column width=\u00a0\u00bb1\/2&Prime;][vc_row_inner css=\u00a0\u00bb.vc_custom_1698312475597{margin-top: 0px !important;margin-bottom: 0px !important;padding-top: 0px !important;padding-bottom: 0px !important;}\u00a0\u00bb][vc_column_inner][vc_column_text]\n<h2>Environnement pr\u00e9serv\u00e9 et paysage naturel<\/h2>\n<h3>Blanc aveuglant, petites cours abrit\u00e9es, arches, murs en pierres s\u00e8ches et aires de battage expriment notre lien indissoluble avec l\u2019histoire de ce lieu.<\/h3>\n<h3>Toutes nos maisons sont parfaitement int\u00e9gr\u00e9es dans le paysage naturel et dans notre jardin \u2013 lequel accueille essentiellement des plantes sauvages et locales respectant ainsi la biodiversit\u00e9, les parfums et les couleurs que nous offre cette \u00eele merveilleuse.<\/h3>\n[\/vc_column_text][vc_empty_space height=\u00a0\u00bb5vh\u00a0\u00bb]\t<a id=\"thb-button-69e30c6a32baf\" class=\"btn style2 medium  accent small-radius    \" href=\"#Houses\" target=\"_self\" role=\"button\">\n\t\t<span>CHOISISSEZ VOTRE MAISON<\/span>\n\t\t\t<\/a>\n\t\t[vc_empty_space mobile_height=\u00a0\u00bb10vh\u00a0\u00bb height=\u00a0\u00bb0px\u00a0\u00bb][\/vc_column_inner][\/vc_row_inner][\/vc_column][vc_column width=\u00a0\u00bb1\/2&Prime;][vc_single_image image=\u00a0\u00bb1730&Prime; img_size=\u00a0\u00bbfull\u00a0\u00bb alignment=\u00a0\u00bbcenter\u00a0\u00bb css_animation=\u00a0\u00bbfadeInRight\u00a0\u00bb][\/vc_column][\/vc_row][vc_row thb_full_width=\u00a0\u00bbtrue\u00a0\u00bb thb_row_padding=\u00a0\u00bbtrue\u00a0\u00bb css=\u00a0\u00bb.vc_custom_1698501688941{padding-top: 10vh !important;padding-bottom: 5vh !important;background-color: #eff5fd !important;}\u00a0\u00bb el_id=\u00a0\u00bbHouses\u00a0\u00bb][vc_column][vc_row_inner][vc_column_inner width=\u00a0\u00bb1\/4&Prime;]\t<div id=\"thb-fancy-box-69e30c6a32c1d\" class=\"thb-fancy-box  fancy-dark fancy-style5  thb-top-left animation bottom-to-top   has-link\">\n\t\t\t\t<a href=\"\/fr\/oikia-house\/\" class=\"thb-fancy-link\n\t\t\t\t\t\t\t\" target=\"_self\">\n\t\t\t\t\t<\/a>\n\t\t\t\t<div class=\"thb-fancy-image-container\n\t\t\">\n\t\t\t<div class=\"thb-fancy-image\">\n\t\t\t\t<img loading=\"lazy\" decoding=\"async\" width=\"524\" height=\"500\" src=\"https:\/\/www.alonistria.com\/wp-content\/uploads\/2017\/07\/oikia.jpg\" class=\"attachment-revolution-tall-x3 size-revolution-tall-x3\" alt=\"oikia house Alonistria\" srcset=\"https:\/\/www.alonistria.com\/wp-content\/uploads\/2017\/07\/oikia.jpg 524w, https:\/\/www.alonistria.com\/wp-content\/uploads\/2017\/07\/oikia-300x286.jpg 300w\" sizes=\"auto, (max-width: 524px) 100vw, 524px\" \/>\t\t\t<\/div>\n\t\t<\/div>\n\t\t\t\t<div class=\"thb-fancy-content\n\t\t\">\n\t\t\t\t\t\t<div class=\"thb-fancy-text-content\">\n\t\t\t\t\n<h4>Oikia &#8211; 6 personnes<\/h4>\n<ul>\n<li>Deux chambres priv\u00e9es<\/li>\n<li>Deux salles de bain priv\u00e9es (une dans chaque chambre)<\/li>\n<li>Studio adaptable en une troisi\u00e8me chambre<\/li>\n<li>Salle \u00e0 manger spacieuse<\/li>\n<li>Salon avec chemin\u00e9e<\/li>\n<li>Cuisine avec vieux four \u00e0 bois<\/li>\n<li>Machine \u00e0 laver<\/li>\n<li>Porche et nombreux patios<\/li>\n<\/ul>\n\t\t\t<\/div>\n\t\t<\/div>\n\t\t<style>\n\t\t\t#thb-fancy-box-69e30c6a32c1d,\n\t\t\t#thb-fancy-box-69e30c6a32c1d.fancy-style5 .thb-fancy-image-container,\n\t\t\t#thb-fancy-box-69e30c6a32c1d .atvImg-container,\n\t\t\t#thb-fancy-box-69e30c6a32c1d .atvImg-layers {\n\t\t\t\tmin-height: 300px;\n\t\t\t}\n\t\t\t\t\t\t\t\t\t\t\t\t\t\t<\/style>\n\t<\/div>\n\n\t[\/vc_column_inner][vc_column_inner width=\u00a0\u00bb1\/4&Prime;]\t<div id=\"thb-fancy-box-69e30c6a33266\" class=\"thb-fancy-box  fancy-dark fancy-style5  thb-top-left animation bottom-to-top   has-link\">\n\t\t\t\t<a href=\"\/fr\/kiriaki-house\/\" class=\"thb-fancy-link\n\t\t\t\t\t\t\t\" target=\"_self\">\n\t\t\t\t\t<\/a>\n\t\t\t\t<div class=\"thb-fancy-image-container\n\t\t\">\n\t\t\t<div class=\"thb-fancy-image\">\n\t\t\t\t<img loading=\"lazy\" decoding=\"async\" width=\"524\" height=\"500\" src=\"https:\/\/www.alonistria.com\/wp-content\/uploads\/2023\/10\/kiriaki-house-preview.jpg\" class=\"attachment-revolution-tall-x3 size-revolution-tall-x3\" alt=\"kiriaki house Alonistria\" srcset=\"https:\/\/www.alonistria.com\/wp-content\/uploads\/2023\/10\/kiriaki-house-preview.jpg 524w, https:\/\/www.alonistria.com\/wp-content\/uploads\/2023\/10\/kiriaki-house-preview-300x286.jpg 300w, https:\/\/www.alonistria.com\/wp-content\/uploads\/2023\/10\/kiriaki-house-preview-380x363.jpg 380w, https:\/\/www.alonistria.com\/wp-content\/uploads\/2023\/10\/kiriaki-house-preview-20x19.jpg 20w, https:\/\/www.alonistria.com\/wp-content\/uploads\/2023\/10\/kiriaki-house-preview-190x181.jpg 190w\" sizes=\"auto, (max-width: 524px) 100vw, 524px\" \/>\t\t\t<\/div>\n\t\t<\/div>\n\t\t\t\t<div class=\"thb-fancy-content\n\t\t\">\n\t\t\t\t\t\t<div class=\"thb-fancy-text-content\">\n\t\t\t\t\n<h4>Kiriaki &#8211; 4 personnes<\/h4>\n<ul>\n<li>Lit double<\/li>\n<li>Canap\u00e9-lit double<\/li>\n<li>Espace cuisine<\/li>\n<li>Une salle de bain<\/li>\n<li>Terrasse avec table en pierre<\/li>\n<\/ul>\n\t\t\t<\/div>\n\t\t<\/div>\n\t\t<style>\n\t\t\t#thb-fancy-box-69e30c6a33266,\n\t\t\t#thb-fancy-box-69e30c6a33266.fancy-style5 .thb-fancy-image-container,\n\t\t\t#thb-fancy-box-69e30c6a33266 .atvImg-container,\n\t\t\t#thb-fancy-box-69e30c6a33266 .atvImg-layers {\n\t\t\t\tmin-height: 300px;\n\t\t\t}\n\t\t\t\t\t\t\t\t\t\t\t\t\t\t<\/style>\n\t<\/div>\n\n\t[\/vc_column_inner][vc_column_inner width=\u00a0\u00bb1\/4&Prime;]\t<div id=\"thb-fancy-box-69e30c6a3371a\" class=\"thb-fancy-box  fancy-dark fancy-style5  thb-top-left animation bottom-to-top   has-link\">\n\t\t\t\t<a href=\"\/fr\/spyridon-house\/\" class=\"thb-fancy-link\n\t\t\t\t\t\t\t\" target=\"_self\">\n\t\t\t\t\t<\/a>\n\t\t\t\t<div class=\"thb-fancy-image-container\n\t\t\">\n\t\t\t<div class=\"thb-fancy-image\">\n\t\t\t\t<img loading=\"lazy\" decoding=\"async\" width=\"800\" height=\"532\" src=\"https:\/\/www.alonistria.com\/wp-content\/uploads\/2021\/03\/spyridon_front.jpg\" class=\"attachment-revolution-tall-x3 size-revolution-tall-x3\" alt=\"SPYRIDON House to rent in Amorgos\" srcset=\"https:\/\/www.alonistria.com\/wp-content\/uploads\/2021\/03\/spyridon_front.jpg 800w, https:\/\/www.alonistria.com\/wp-content\/uploads\/2021\/03\/spyridon_front-300x200.jpg 300w, https:\/\/www.alonistria.com\/wp-content\/uploads\/2021\/03\/spyridon_front-768x511.jpg 768w, https:\/\/www.alonistria.com\/wp-content\/uploads\/2021\/03\/spyridon_front-480x319.jpg 480w\" sizes=\"auto, (max-width: 800px) 100vw, 800px\" \/>\t\t\t<\/div>\n\t\t<\/div>\n\t\t\t\t<div class=\"thb-fancy-content\n\t\t\">\n\t\t\t\t\t\t<div class=\"thb-fancy-text-content\">\n\t\t\t\t\n<h4>Spyridon &#8211; 4 personnes<\/h4>\n<ul>\n<li>Une chambre priv\u00e9e avec lit double<\/li>\n<li>Salon avec deux canap\u00e9s-lits<\/li>\n<li>Espace cuisine<\/li>\n<li>Une salle de bain<\/li>\n<li>Porche et terrasse priv\u00e9e<\/li>\n<\/ul>\n\t\t\t<\/div>\n\t\t<\/div>\n\t\t<style>\n\t\t\t#thb-fancy-box-69e30c6a3371a,\n\t\t\t#thb-fancy-box-69e30c6a3371a.fancy-style5 .thb-fancy-image-container,\n\t\t\t#thb-fancy-box-69e30c6a3371a .atvImg-container,\n\t\t\t#thb-fancy-box-69e30c6a3371a .atvImg-layers {\n\t\t\t\tmin-height: 300px;\n\t\t\t}\n\t\t\t\t\t\t\t\t\t\t\t\t\t\t<\/style>\n\t<\/div>\n\n\t[\/vc_column_inner][vc_column_inner width=\u00a0\u00bb1\/4&Prime;]\t<div id=\"thb-fancy-box-69e30c6a33b12\" class=\"thb-fancy-box  fancy-dark fancy-style5  thb-top-left animation bottom-to-top   has-link\">\n\t\t\t\t<a href=\"\/fr\/aloni-house\/\" class=\"thb-fancy-link\n\t\t\t\t\t\t\t\" target=\"_self\">\n\t\t\t\t\t<\/a>\n\t\t\t\t<div class=\"thb-fancy-image-container\n\t\t\">\n\t\t\t<div class=\"thb-fancy-image\">\n\t\t\t\t<img loading=\"lazy\" decoding=\"async\" width=\"800\" height=\"532\" src=\"https:\/\/www.alonistria.com\/wp-content\/uploads\/2018\/03\/aloni10-1.jpg\" class=\"attachment-revolution-tall-x3 size-revolution-tall-x3\" alt=\"TO ALONI House to rent in Amorgos\" srcset=\"https:\/\/www.alonistria.com\/wp-content\/uploads\/2018\/03\/aloni10-1.jpg 800w, https:\/\/www.alonistria.com\/wp-content\/uploads\/2018\/03\/aloni10-1-300x200.jpg 300w, https:\/\/www.alonistria.com\/wp-content\/uploads\/2018\/03\/aloni10-1-768x511.jpg 768w\" sizes=\"auto, (max-width: 800px) 100vw, 800px\" \/>\t\t\t<\/div>\n\t\t<\/div>\n\t\t\t\t<div class=\"thb-fancy-content\n\t\t\">\n\t\t\t\t\t\t<div class=\"thb-fancy-text-content\">\n\t\t\t\t\n<h4>To Aloni &#8211; 3 personnes<\/h4>\n<ul>\n<li>Un lit double<\/li>\n<li>Un canap\u00e9-lit<\/li>\n<li>Kitchenette<\/li>\n<li>Une salle de bain<\/li>\n<li>Porche<\/li>\n<\/ul>\n\t\t\t<\/div>\n\t\t<\/div>\n\t\t<style>\n\t\t\t#thb-fancy-box-69e30c6a33b12,\n\t\t\t#thb-fancy-box-69e30c6a33b12.fancy-style5 .thb-fancy-image-container,\n\t\t\t#thb-fancy-box-69e30c6a33b12 .atvImg-container,\n\t\t\t#thb-fancy-box-69e30c6a33b12 .atvImg-layers {\n\t\t\t\tmin-height: 300px;\n\t\t\t}\n\t\t\t\t\t\t\t\t\t\t\t\t\t\t<\/style>\n\t<\/div>\n\n\t[\/vc_column_inner][\/vc_row_inner][\/vc_column][\/vc_row]\n<\/div>","protected":false},"excerpt":{"rendered":"<p>[vc_row thb_full_width=\u00a0\u00bbtrue\u00a0\u00bb thb_row_padding=\u00a0\u00bbtrue\u00a0\u00bb el_id=\u00a0\u00bbCoverDesktop\u00a0\u00bb css=\u00a0\u00bb.vc_custom_1700906105693{background-image: url(http:\/\/www.alonistria.com\/wp-content\/uploads\/2023\/11\/our-houses-NSC_9907N.jpg?id=2722) !important;}\u00a0\u00bb][vc_column][vc_custom_heading source=\u00a0\u00bbpost_title\u00a0\u00bb font_container=\u00a0\u00bbtag:h1|text_align:center|color:%23ffffff\u00a0\u00bb use_theme_fonts=\u00a0\u00bbyes\u00a0\u00bb][\/vc_column][\/vc_row][vc_row thb_full_width=\u00a0\u00bbtrue\u00a0\u00bb thb_row_padding=\u00a0\u00bbtrue\u00a0\u00bb content_placement=\u00a0\u00bbtop\u00a0\u00bb css=\u00a0\u00bb.vc_custom_1698528986515{margin-top: 0px !important;padding-top: 10vh !important;padding-bottom: 10vh !important;background-color: #30afbf !important;}\u00a0\u00bb][vc_column thb_color=\u00a0\u00bbthb-light-column\u00a0\u00bb width=\u00a0\u00bb1\/2&Prime;][vc_row_inner css=\u00a0\u00bb.vc_custom_1698312475597{margin-top: 0px !important;margin-bottom: 0px !important;padding-top: 0px !important;padding-bottom: 0px !important;}\u00a0\u00bb][vc_column_inner][vc_column_text] Les maisons de location d\u2019Alonistria sont n\u00e9es de notre amour pour Amorgos [\/vc_column_text][vc_empty_space mobile_height=\u00a0\u00bb10vh\u00a0\u00bb height=\u00a0\u00bb0px\u00a0\u00bb][\/vc_column_inner][\/vc_row_inner][\/vc_column][vc_column width=\u00a0\u00bb1\/2&Prime;][vc_row_inner css=\u00a0\u00bb.vc_custom_1698312475597{margin-top: 0px !important;margin-bottom: 0px !important;padding-top: 0px&hellip;<\/p>\n","protected":false},"author":2,"featured_media":2723,"parent":0,"menu_order":2,"comment_status":"closed","ping_status":"closed","template":"","meta":{"inline_featured_image":false,"footnotes":""},"class_list":["post-3172","page","type-page","status-publish","has-post-thumbnail","hentry"],"yoast_head":"<!-- This site is optimized with the Yoast SEO plugin v27.4 - https:\/\/yoast.com\/product\/yoast-seo-wordpress\/ -->\n<title>Nos Maisons - Alonistria Amorgos - Houses to rent<\/title>\n<meta name=\"description\" content=\"L&#039;Alonistria se compose de quatre maisons de tailles et de structures diff\u00e9rentes avec une vue imprenable sur la mer Eg\u00e9e.\" \/>\n<meta name=\"robots\" content=\"index, follow, max-snippet:-1, max-image-preview:large, max-video-preview:-1\" \/>\n<link rel=\"canonical\" href=\"https:\/\/www.alonistria.com\/fr\/our-houses\/\" \/>\n<meta property=\"og:locale\" content=\"fr_FR\" \/>\n<meta property=\"og:type\" content=\"article\" \/>\n<meta property=\"og:title\" content=\"Nos Maisons - Alonistria Amorgos - Houses to rent\" \/>\n<meta property=\"og:description\" content=\"L&#039;Alonistria se compose de quatre maisons de tailles et de structures diff\u00e9rentes avec une vue imprenable sur la mer Eg\u00e9e.\" \/>\n<meta property=\"og:url\" content=\"https:\/\/www.alonistria.com\/fr\/our-houses\/\" \/>\n<meta property=\"og:site_name\" content=\"Alonistria Amorgos - Houses to rent\" \/>\n<meta property=\"article:publisher\" content=\"https:\/\/www.facebook.com\/Alonistria-amorgos-101485191804298\" \/>\n<meta property=\"article:modified_time\" content=\"2023-12-10T13:18:07+00:00\" \/>\n<meta property=\"og:image\" content=\"https:\/\/www.alonistria.com\/wp-content\/uploads\/2023\/11\/our-houses-NSC_9907N.jpg\" \/>\n\t<meta property=\"og:image:width\" content=\"1920\" \/>\n\t<meta property=\"og:image:height\" content=\"1278\" \/>\n\t<meta property=\"og:image:type\" content=\"image\/jpeg\" \/>\n<meta name=\"twitter:card\" content=\"summary_large_image\" \/>\n<meta name=\"twitter:label1\" content=\"Dur\u00e9e de lecture estim\u00e9e\" \/>\n\t<meta name=\"twitter:data1\" content=\"3 minutes\" \/>\n<script type=\"application\/ld+json\" class=\"yoast-schema-graph\">{\"@context\":\"https:\\\/\\\/schema.org\",\"@graph\":[{\"@type\":\"WebPage\",\"@id\":\"https:\\\/\\\/www.alonistria.com\\\/fr\\\/our-houses\\\/\",\"url\":\"https:\\\/\\\/www.alonistria.com\\\/fr\\\/our-houses\\\/\",\"name\":\"Nos Maisons - Alonistria Amorgos - Houses to rent\",\"isPartOf\":{\"@id\":\"https:\\\/\\\/www.alonistria.com\\\/fr\\\/#website\"},\"primaryImageOfPage\":{\"@id\":\"https:\\\/\\\/www.alonistria.com\\\/fr\\\/our-houses\\\/#primaryimage\"},\"image\":{\"@id\":\"https:\\\/\\\/www.alonistria.com\\\/fr\\\/our-houses\\\/#primaryimage\"},\"thumbnailUrl\":\"https:\\\/\\\/www.alonistria.com\\\/wp-content\\\/uploads\\\/2023\\\/11\\\/our-houses-NSC_9907N.jpg\",\"datePublished\":\"2023-10-28T17:33:00+00:00\",\"dateModified\":\"2023-12-10T13:18:07+00:00\",\"description\":\"L'Alonistria se compose de quatre maisons de tailles et de structures diff\u00e9rentes avec une vue imprenable sur la mer Eg\u00e9e.\",\"breadcrumb\":{\"@id\":\"https:\\\/\\\/www.alonistria.com\\\/fr\\\/our-houses\\\/#breadcrumb\"},\"inLanguage\":\"fr-FR\",\"potentialAction\":[{\"@type\":\"ReadAction\",\"target\":[\"https:\\\/\\\/www.alonistria.com\\\/fr\\\/our-houses\\\/\"]}]},{\"@type\":\"ImageObject\",\"inLanguage\":\"fr-FR\",\"@id\":\"https:\\\/\\\/www.alonistria.com\\\/fr\\\/our-houses\\\/#primaryimage\",\"url\":\"https:\\\/\\\/www.alonistria.com\\\/wp-content\\\/uploads\\\/2023\\\/11\\\/our-houses-NSC_9907N.jpg\",\"contentUrl\":\"https:\\\/\\\/www.alonistria.com\\\/wp-content\\\/uploads\\\/2023\\\/11\\\/our-houses-NSC_9907N.jpg\",\"width\":1920,\"height\":1278,\"caption\":\"houses to rent amorgos\"},{\"@type\":\"BreadcrumbList\",\"@id\":\"https:\\\/\\\/www.alonistria.com\\\/fr\\\/our-houses\\\/#breadcrumb\",\"itemListElement\":[{\"@type\":\"ListItem\",\"position\":1,\"name\":\"Home\",\"item\":\"https:\\\/\\\/www.alonistria.com\\\/fr\\\/\"},{\"@type\":\"ListItem\",\"position\":2,\"name\":\"Nos Maisons\"}]},{\"@type\":\"WebSite\",\"@id\":\"https:\\\/\\\/www.alonistria.com\\\/fr\\\/#website\",\"url\":\"https:\\\/\\\/www.alonistria.com\\\/fr\\\/\",\"name\":\"Alonistria Amorgos - Houses to rent\",\"description\":\"Rent a house on Amorgos\",\"publisher\":{\"@id\":\"https:\\\/\\\/www.alonistria.com\\\/fr\\\/#organization\"},\"potentialAction\":[{\"@type\":\"SearchAction\",\"target\":{\"@type\":\"EntryPoint\",\"urlTemplate\":\"https:\\\/\\\/www.alonistria.com\\\/fr\\\/?s={search_term_string}\"},\"query-input\":{\"@type\":\"PropertyValueSpecification\",\"valueRequired\":true,\"valueName\":\"search_term_string\"}}],\"inLanguage\":\"fr-FR\"},{\"@type\":\"Organization\",\"@id\":\"https:\\\/\\\/www.alonistria.com\\\/fr\\\/#organization\",\"name\":\"Alonistria Amorgos - Houses to rent\",\"url\":\"https:\\\/\\\/www.alonistria.com\\\/fr\\\/\",\"logo\":{\"@type\":\"ImageObject\",\"inLanguage\":\"fr-FR\",\"@id\":\"https:\\\/\\\/www.alonistria.com\\\/fr\\\/#\\\/schema\\\/logo\\\/image\\\/\",\"url\":\"https:\\\/\\\/www.alonistria.com\\\/wp-content\\\/uploads\\\/2023\\\/11\\\/logo-web-blu-centrato.svg\",\"contentUrl\":\"https:\\\/\\\/www.alonistria.com\\\/wp-content\\\/uploads\\\/2023\\\/11\\\/logo-web-blu-centrato.svg\",\"width\":450,\"height\":252,\"caption\":\"Alonistria Amorgos - Houses to rent\"},\"image\":{\"@id\":\"https:\\\/\\\/www.alonistria.com\\\/fr\\\/#\\\/schema\\\/logo\\\/image\\\/\"},\"sameAs\":[\"https:\\\/\\\/www.facebook.com\\\/Alonistria-amorgos-101485191804298\",\"https:\\\/\\\/www.instagram.com\\\/alonistria_amorgos\\\/\"]}]}<\/script>\n<!-- \/ Yoast SEO plugin. -->","yoast_head_json":{"title":"Nos Maisons - Alonistria Amorgos - Houses to rent","description":"L'Alonistria se compose de quatre maisons de tailles et de structures diff\u00e9rentes avec une vue imprenable sur la mer Eg\u00e9e.","robots":{"index":"index","follow":"follow","max-snippet":"max-snippet:-1","max-image-preview":"max-image-preview:large","max-video-preview":"max-video-preview:-1"},"canonical":"https:\/\/www.alonistria.com\/fr\/our-houses\/","og_locale":"fr_FR","og_type":"article","og_title":"Nos Maisons - Alonistria Amorgos - Houses to rent","og_description":"L'Alonistria se compose de quatre maisons de tailles et de structures diff\u00e9rentes avec une vue imprenable sur la mer Eg\u00e9e.","og_url":"https:\/\/www.alonistria.com\/fr\/our-houses\/","og_site_name":"Alonistria Amorgos - Houses to rent","article_publisher":"https:\/\/www.facebook.com\/Alonistria-amorgos-101485191804298","article_modified_time":"2023-12-10T13:18:07+00:00","og_image":[{"width":1920,"height":1278,"url":"https:\/\/www.alonistria.com\/wp-content\/uploads\/2023\/11\/our-houses-NSC_9907N.jpg","type":"image\/jpeg"}],"twitter_card":"summary_large_image","twitter_misc":{"Dur\u00e9e de lecture estim\u00e9e":"3 minutes"},"schema":{"@context":"https:\/\/schema.org","@graph":[{"@type":"WebPage","@id":"https:\/\/www.alonistria.com\/fr\/our-houses\/","url":"https:\/\/www.alonistria.com\/fr\/our-houses\/","name":"Nos Maisons - Alonistria Amorgos - Houses to rent","isPartOf":{"@id":"https:\/\/www.alonistria.com\/fr\/#website"},"primaryImageOfPage":{"@id":"https:\/\/www.alonistria.com\/fr\/our-houses\/#primaryimage"},"image":{"@id":"https:\/\/www.alonistria.com\/fr\/our-houses\/#primaryimage"},"thumbnailUrl":"https:\/\/www.alonistria.com\/wp-content\/uploads\/2023\/11\/our-houses-NSC_9907N.jpg","datePublished":"2023-10-28T17:33:00+00:00","dateModified":"2023-12-10T13:18:07+00:00","description":"L'Alonistria se compose de quatre maisons de tailles et de structures diff\u00e9rentes avec une vue imprenable sur la mer Eg\u00e9e.","breadcrumb":{"@id":"https:\/\/www.alonistria.com\/fr\/our-houses\/#breadcrumb"},"inLanguage":"fr-FR","potentialAction":[{"@type":"ReadAction","target":["https:\/\/www.alonistria.com\/fr\/our-houses\/"]}]},{"@type":"ImageObject","inLanguage":"fr-FR","@id":"https:\/\/www.alonistria.com\/fr\/our-houses\/#primaryimage","url":"https:\/\/www.alonistria.com\/wp-content\/uploads\/2023\/11\/our-houses-NSC_9907N.jpg","contentUrl":"https:\/\/www.alonistria.com\/wp-content\/uploads\/2023\/11\/our-houses-NSC_9907N.jpg","width":1920,"height":1278,"caption":"houses to rent amorgos"},{"@type":"BreadcrumbList","@id":"https:\/\/www.alonistria.com\/fr\/our-houses\/#breadcrumb","itemListElement":[{"@type":"ListItem","position":1,"name":"Home","item":"https:\/\/www.alonistria.com\/fr\/"},{"@type":"ListItem","position":2,"name":"Nos Maisons"}]},{"@type":"WebSite","@id":"https:\/\/www.alonistria.com\/fr\/#website","url":"https:\/\/www.alonistria.com\/fr\/","name":"Alonistria Amorgos - Houses to rent","description":"Rent a house on Amorgos","publisher":{"@id":"https:\/\/www.alonistria.com\/fr\/#organization"},"potentialAction":[{"@type":"SearchAction","target":{"@type":"EntryPoint","urlTemplate":"https:\/\/www.alonistria.com\/fr\/?s={search_term_string}"},"query-input":{"@type":"PropertyValueSpecification","valueRequired":true,"valueName":"search_term_string"}}],"inLanguage":"fr-FR"},{"@type":"Organization","@id":"https:\/\/www.alonistria.com\/fr\/#organization","name":"Alonistria Amorgos - Houses to rent","url":"https:\/\/www.alonistria.com\/fr\/","logo":{"@type":"ImageObject","inLanguage":"fr-FR","@id":"https:\/\/www.alonistria.com\/fr\/#\/schema\/logo\/image\/","url":"https:\/\/www.alonistria.com\/wp-content\/uploads\/2023\/11\/logo-web-blu-centrato.svg","contentUrl":"https:\/\/www.alonistria.com\/wp-content\/uploads\/2023\/11\/logo-web-blu-centrato.svg","width":450,"height":252,"caption":"Alonistria Amorgos - Houses to rent"},"image":{"@id":"https:\/\/www.alonistria.com\/fr\/#\/schema\/logo\/image\/"},"sameAs":["https:\/\/www.facebook.com\/Alonistria-amorgos-101485191804298","https:\/\/www.instagram.com\/alonistria_amorgos\/"]}]}},"_links":{"self":[{"href":"https:\/\/www.alonistria.com\/fr\/wp-json\/wp\/v2\/pages\/3172","targetHints":{"allow":["GET"]}}],"collection":[{"href":"https:\/\/www.alonistria.com\/fr\/wp-json\/wp\/v2\/pages"}],"about":[{"href":"https:\/\/www.alonistria.com\/fr\/wp-json\/wp\/v2\/types\/page"}],"author":[{"embeddable":true,"href":"https:\/\/www.alonistria.com\/fr\/wp-json\/wp\/v2\/users\/2"}],"replies":[{"embeddable":true,"href":"https:\/\/www.alonistria.com\/fr\/wp-json\/wp\/v2\/comments?post=3172"}],"version-history":[{"count":11,"href":"https:\/\/www.alonistria.com\/fr\/wp-json\/wp\/v2\/pages\/3172\/revisions"}],"predecessor-version":[{"id":3383,"href":"https:\/\/www.alonistria.com\/fr\/wp-json\/wp\/v2\/pages\/3172\/revisions\/3383"}],"wp:featuredmedia":[{"embeddable":true,"href":"https:\/\/www.alonistria.com\/fr\/wp-json\/wp\/v2\/media\/2723"}],"wp:attachment":[{"href":"https:\/\/www.alonistria.com\/fr\/wp-json\/wp\/v2\/media?parent=3172"}],"curies":[{"name":"wp","href":"https:\/\/api.w.org\/{rel}","templated":true}]}}